{"id":6,"date":"2021-09-14T08:26:51","date_gmt":"2021-09-14T08:26:51","guid":{"rendered":"https:\/\/www.omautosiskola.hu\/?page_id=6"},"modified":"2026-01-18T17:10:10","modified_gmt":"2026-01-18T16:10:10","slug":"olah-miklos-autosiskola","status":"publish","type":"page","link":"https:\/\/www.omautosiskola.hu\/","title":{"rendered":"Ol\u00e1h Mikl\u00f3s Aut\u00f3siskola"},"content":{"rendered":"\n<figure class=\"wp-block-image alignwide size-full\"><img loading=\"lazy\" decoding=\"async\" width=\"760\" height=\"428\" src=\"https:\/\/www.omautosiskola.hu\/wp-content\/uploads\/2021\/09\/image-14-09-21-10-02.png\" alt=\"\" class=\"wp-image-7\" srcset=\"https:\/\/www.omautosiskola.hu\/wp-content\/uploads\/2021\/09\/image-14-09-21-10-02.png 760w, https:\/\/www.omautosiskola.hu\/wp-content\/uploads\/2021\/09\/image-14-09-21-10-02-300x169.png 300w\" sizes=\"auto, (max-width: 760px) 100vw, 760px\" \/><\/figure>\n\n\n\n<p><strong>Kapcsolat<\/strong><\/p>\n\n\n\n<p class=\"has-small-font-size\" style=\"line-height:1.4\">Ol\u00e1h Mikl\u00f3s Aut\u00f3siskola<br>K\u00e9pz\u0151szervi azonos\u00edt\u00f3: 3997<br>Iskolavezet\u0151: Ol\u00e1h Mikl\u00f3s<br>Szakoktat\u00f3i n\u00e9vjegyz\u00e9k sz\u00e1m: 11621<br>Szakoktat\u00f3i n\u00e9vjegyz\u00e9k sz\u00e1m: 13453<br>Egy\u00e9ni v\u00e1llalkoz\u00f3 nyilv\u00e1ntart\u00e1si sz\u00e1m: 5169799<br>Ad\u00f3sz\u00e1m: 63178254-1-27<br>Enged\u00e9ly sz\u00e1m: KGHF\/15164-1\/2021 ITM<br>\u00dcgyf\u00e9lfogad\u00e1s helye: 8000 Sz\u00e9kesfeh\u00e9rv\u00e1r, Palota \u00fat 5.<br>\u00dcgyf\u00e9lfogad\u00e1s ideje: H\u00e9tf\u0151t\u0151l-Cs\u00fcr\u00f6t\u00f6kig 15 \u00f3r\u00e1t\u00f3l &#8211; 17 \u00f3r\u00e1ig.<br>Telefonsz\u00e1m: +36 20 3688 496<br>Email: <a href=\"mailto:olahmiklos74@gmail.com\">olahmiklos74@gmail.com<\/a><br>Banksz\u00e1mlasz\u00e1m: 11600006-00000000-94968460<\/p>\n\n\n\n<p>J\u00e1rm\u0171vezet\u0151 k\u00e9pz\u00e9s v\u00e1llal\u00e1si felt\u00e9telei \u00e9s \u00edr\u00e1sos t\u00e1j\u00e9koztat\u00f3ja a tanul\u00f3 r\u00e9sz\u00e9re <strong><a href=\"http:\/\/www.omautosiskola.hu\/wp-content\/uploads\/2021\/09\/AM-katego\u0301ria-va\u0301llala\u0301si-felte\u0301tel.pdf\" data-type=\"URL\" data-id=\"http:\/\/www.omautosiskola.hu\/wp-content\/uploads\/2021\/09\/AM-katego\u0301ria-va\u0301llala\u0301si-felte\u0301tel.pdf\">&#8222;AM&#8221; j\u00e1rm\u0171kateg\u00f3ria<\/a><\/strong><\/p>\n\n\n\n<p> J\u00e1rm\u0171vezet\u0151 k\u00e9pz\u00e9s v\u00e1llal\u00e1si felt\u00e9telei \u00e9s \u00edr\u00e1sos t\u00e1j\u00e9koztat\u00f3ja a tanul\u00f3 r\u00e9sz\u00e9re <strong><a href=\"http:\/\/www.omautosiskola.hu\/wp-content\/uploads\/2021\/09\/A-ketego\u0301ria-va\u0301llala\u0301si-felte\u0301telei1.pdf\" data-type=\"URL\" data-id=\"http:\/\/www.omautosiskola.hu\/wp-content\/uploads\/2021\/09\/A-ketego\u0301ria-va\u0301llala\u0301si-felte\u0301telei1.pdf\">&#8222;A&#8221; j\u00e1rm\u0171kateg\u00f3ria<\/a><\/strong> <\/p>\n\n\n\n<p> J\u00e1rm\u0171vezet\u0151 k\u00e9pz\u00e9s v\u00e1llal\u00e1si felt\u00e9telei \u00e9s \u00edr\u00e1sos t\u00e1j\u00e9koztat\u00f3ja a tanul\u00f3 r\u00e9sz\u00e9re <strong><a href=\"http:\/\/www.omautosiskola.hu\/wp-content\/uploads\/2021\/09\/B-kat.va\u0301llala\u0301si-felte\u0301tel.pdf\" data-type=\"URL\" data-id=\"http:\/\/www.omautosiskola.hu\/wp-content\/uploads\/2021\/09\/B-kat.va\u0301llala\u0301si-felte\u0301tel.pdf\">&#8222;B&#8221; j\u00e1rm\u0171kateg\u00f3ria<\/a><\/strong>  <\/p>\n\n\n\n<p class=\"has-small-font-size\">K\u00e9pz\u00e9si mutat\u00f3k:<br>\u00c1KO (\u00c1tlagos K\u00e9pz\u00e9si \u00d3rasz\u00e1m)<br>VSM (Vizsga Sikeress\u00e9gi Mutat\u00f3) :B. kat.41,67 % (Orsz\u00e1gos \u00e1tlag.:45,82%)<br>KK (K\u00e9pz\u00e9si K\u00f6lts\u00e9g): 311.000 Ft.<\/p>\n\n\n\n<p><a href=\"https:\/\/omautosiskola.hu\/wp-content\/uploads\/2025\/06\/Olah_Miklos-adatkezelesi_tajekoztato.pdf\">Adatkezel\u00e9si t\u00e1j\u00e9koztat\u00e1s<\/a><\/p>\n\n\n\n<p><a href=\"https:\/\/omautosiskola.hu\/wp-content\/uploads\/2025\/11\/OM-IMPRESSZUM.pdf\">Impresszum<\/a><\/p>\n\n\n\n<p><\/p>\n","protected":false},"excerpt":{"rendered":"<p>Kapcsolat Ol\u00e1h Mikl\u00f3s Aut\u00f3siskolaK\u00e9pz\u0151szervi azonos\u00edt\u00f3: 3997Iskolavezet\u0151: Ol\u00e1h Mikl\u00f3sSzakoktat\u00f3i n\u00e9vjegyz\u00e9k sz\u00e1m: 11621Szakoktat\u00f3i n\u00e9vjegyz\u00e9k sz\u00e1m: 13453Egy\u00e9ni v\u00e1llalkoz\u00f3 nyilv\u00e1ntart\u00e1si sz\u00e1m: 5169799Ad\u00f3sz\u00e1m: 63178254-1-27Enged\u00e9ly sz\u00e1m: KGHF\/15164-1\/2021 ITM\u00dcgyf\u00e9lfogad\u00e1s helye: 8000 Sz\u00e9kesfeh\u00e9rv\u00e1r, Palota \u00fat 5.\u00dcgyf\u00e9lfogad\u00e1s ideje: H\u00e9tf\u0151t\u0151l-Cs\u00fcr\u00f6t\u00f6kig 15 \u00f3r\u00e1t\u00f3l &#8211; 17 \u00f3r\u00e1ig.Telefonsz\u00e1m: +36 20 3688 496Email: olahmiklos74@gmail.comBanksz\u00e1mlasz\u00e1m: 11600006-00000000-94968460 J\u00e1rm\u0171vezet\u0151 k\u00e9pz\u00e9s v\u00e1llal\u00e1si felt\u00e9telei \u00e9s \u00edr\u00e1sos t\u00e1j\u00e9koztat\u00f3ja a tanul\u00f3 r\u00e9sz\u00e9re &#8222;AM&#8221; j\u00e1rm\u0171kateg\u00f3ria J\u00e1rm\u0171vezet\u0151 k\u00e9pz\u00e9s &hellip; <\/p>\n<p class=\"link-more\"><a href=\"https:\/\/www.omautosiskola.hu\/\" class=\"more-link\"><span class=\"screen-reader-text\">&#8222;Ol\u00e1h Mikl\u00f3s Aut\u00f3siskola&#8221;<\/span> b\u0151vebben<\/a><\/p>\n","protected":false},"author":1,"featured_media":0,"parent":0,"menu_order":0,"comment_status":"closed","ping_status":"closed","template":"","meta":{"footnotes":""},"class_list":["post-6","page","type-page","status-publish","hentry","entry"],"_links":{"self":[{"href":"https:\/\/www.omautosiskola.hu\/index.php\/wp-json\/wp\/v2\/pages\/6","targetHints":{"allow":["GET"]}}],"collection":[{"href":"https:\/\/www.omautosiskola.hu\/index.php\/wp-json\/wp\/v2\/pages"}],"about":[{"href":"https:\/\/www.omautosiskola.hu\/index.php\/wp-json\/wp\/v2\/types\/page"}],"author":[{"embeddable":true,"href":"https:\/\/www.omautosiskola.hu\/index.php\/wp-json\/wp\/v2\/users\/1"}],"replies":[{"embeddable":true,"href":"https:\/\/www.omautosiskola.hu\/index.php\/wp-json\/wp\/v2\/comments?post=6"}],"version-history":[{"count":19,"href":"https:\/\/www.omautosiskola.hu\/index.php\/wp-json\/wp\/v2\/pages\/6\/revisions"}],"predecessor-version":[{"id":60,"href":"https:\/\/www.omautosiskola.hu\/index.php\/wp-json\/wp\/v2\/pages\/6\/revisions\/60"}],"wp:attachment":[{"href":"https:\/\/www.omautosiskola.hu\/index.php\/wp-json\/wp\/v2\/media?parent=6"}],"curies":[{"name":"wp","href":"https:\/\/api.w.org\/{rel}","templated":true}]}}